{"id":29,"date":"2012-02-02T12:26:33","date_gmt":"2012-02-02T10:26:33","guid":{"rendered":"http:\/\/www.susiswelt.de\/?page_id=29"},"modified":"2013-02-24T21:19:17","modified_gmt":"2013-02-24T19:19:17","slug":"uber-mich","status":"publish","type":"page","link":"https:\/\/www.susiswelt.de\/?page_id=29","title":{"rendered":"\u00dcber mich"},"content":{"rendered":"<p>Hallo,<\/p>\n<p>wie der Name meiner Homepage unschwer erkennen l\u00e4sst, bin ich Susi und freue mich \u00fcber jeden, der den Weg zu diesen Seiten findet.<\/p>\n<p>Ich betreibe die Fotografie seit einigen Jahren als Hobby und lege Wert auf die Tatsache, dass ich keine Fotos von Tieren in Gefangenschaft (Zoo, Tierpark&#8230;) ver\u00f6ffentliche. All meine Bilder sind in der freien Natur entstanden, trotz mitunter widrigen Umst\u00e4nden und Wetterverh\u00e4ltnissen. Mein Hobby macht mir sehr viel Spass und ich hoffe, etwas davon vermitteln zu k\u00f6nnen.<\/p>\n<p>Viel Spa\u00df beim anschauen und st\u00f6bern.\u00a0 Ihre Susi<\/p>\n<p>&nbsp;<\/p>\n","protected":false},"excerpt":{"rendered":"<p>Hallo, wie der Name meiner Homepage unschwer erkennen l\u00e4sst, bin ich Susi und freue mich \u00fcber jeden, der den Weg zu diesen Seiten findet. Ich betreibe die Fotografie seit einigen Jahren als Hobby und lege Wert auf die Tatsache, dass &hellip; <a href=\"https:\/\/www.susiswelt.de\/?page_id=29\">Weiterlesen <span class=\"meta-nav\">&rarr;<\/span><\/a><\/p>\n","protected":false},"author":1,"featured_media":0,"parent":0,"menu_order":0,"comment_status":"closed","ping_status":"closed","template":"","meta":{"ngg_post_thumbnail":0,"footnotes":""},"_links":{"self":[{"href":"https:\/\/www.susiswelt.de\/index.php?rest_route=\/wp\/v2\/pages\/29"}],"collection":[{"href":"https:\/\/www.susiswelt.de\/index.php?rest_route=\/wp\/v2\/pages"}],"about":[{"href":"https:\/\/www.susiswelt.de\/index.php?rest_route=\/wp\/v2\/types\/page"}],"author":[{"embeddable":true,"href":"https:\/\/www.susiswelt.de\/index.php?rest_route=\/wp\/v2\/users\/1"}],"replies":[{"embeddable":true,"href":"https:\/\/www.susiswelt.de\/index.php?rest_route=%2Fwp%2Fv2%2Fcomments&post=29"}],"version-history":[{"count":8,"href":"https:\/\/www.susiswelt.de\/index.php?rest_route=\/wp\/v2\/pages\/29\/revisions"}],"predecessor-version":[{"id":215,"href":"https:\/\/www.susiswelt.de\/index.php?rest_route=\/wp\/v2\/pages\/29\/revisions\/215"}],"wp:attachment":[{"href":"https:\/\/www.susiswelt.de\/index.php?rest_route=%2Fwp%2Fv2%2Fmedia&parent=29"}],"curies":[{"name":"wp","href":"https:\/\/api.w.org\/{rel}","templated":true}]}}